{"id":1428,"date":"2026-03-09T19:02:13","date_gmt":"2026-03-09T18:02:13","guid":{"rendered":"https:\/\/www.drsomogyiandrea.hu\/adatkezelesi-tajekoztato\/"},"modified":"2026-03-14T22:16:50","modified_gmt":"2026-03-14T21:16:50","slug":"adatkezelesi-tajekoztato","status":"publish","type":"page","link":"https:\/\/www.drsomogyiandrea.hu\/en\/adatkezelesi-tajekoztato\/","title":{"rendered":"Adatkezel\u00e9si T\u00e1j\u00e9koztat\u00f3"},"content":{"rendered":"<div data-elementor-type=\"wp-page\" data-elementor-id=\"1428\" class=\"elementor elementor-1428\" data-elementor-post-type=\"page\">\n\t\t\t\t<div class=\"elementor-element elementor-element-15d6c2ff e-flex e-con-boxed e-con e-parent\" data-id=\"15d6c2ff\" data-element_type=\"container\" data-settings=\"{&quot;background_background&quot;:&quot;classic&quot;}\">\n\t\t\t\t\t<div class=\"e-con-inner\">\n\t\t\t\t<div class=\"elementor-element elementor-element-759604a6 elementor-widget elementor-widget-heading\" data-id=\"759604a6\" data-element_type=\"widget\" data-widget_type=\"heading.default\">\n\t\t\t\t<div class=\"elementor-widget-container\">\n\t\t\t\t\t<h1 class=\"elementor-heading-title elementor-size-default\">Adatkezel\u00e9si t\u00e1j\u00e9koztat\u00f3<\/h1>\t\t\t\t<\/div>\n\t\t\t\t<\/div>\n\t\t\t\t\t<\/div>\n\t\t\t\t<\/div>\n\t\t<div class=\"elementor-element elementor-element-13ca2b71 e-flex e-con-boxed e-con e-parent\" data-id=\"13ca2b71\" data-element_type=\"container\">\n\t\t\t\t\t<div class=\"e-con-inner\">\n\t\t\t\t<div class=\"elementor-element elementor-element-14a77ff6 elementor-widget elementor-widget-text-editor\" data-id=\"14a77ff6\" data-element_type=\"widget\" data-widget_type=\"text-editor.default\">\n\t\t\t\t<div class=\"elementor-widget-container\">\n\t\t\t\t\t\t\t\t\t<p class=\"p1\">\u00a0<b>Online konzult\u00e1ci\u00f3 id\u0151pontfoglal\u00e1shoz<\/b><b><\/b><\/p><h2><b>1. Az adatkezel\u0151 adatai<\/b><\/h2><p class=\"p4\">Adatkezel\u0151:<\/p><p class=\"p3\"><b>Dentist For You Kft.<\/b><b><\/b><\/p><p class=\"p4\">Teljes n\u00e9v:<\/p><p class=\"p4\">Dentist For You Korl\u00e1tolt Felel\u0151ss\u00e9g\u0171 T\u00e1rsas\u00e1g<\/p><p class=\"p4\">Sz\u00e9khely:<\/p><p class=\"p4\">1094 Budapest, M\u00e1rton utca 14. A. lh\u00e1z. 4. em. 8.<\/p><p class=\"p4\">Ad\u00f3sz\u00e1m:<\/p><p class=\"p4\">28763363-1-43<\/p><p class=\"p4\">F\u0151 tev\u00e9kenys\u00e9g:<\/p><p class=\"p4\">8623 Fogorvosi ell\u00e1t\u00e1s<\/p><p class=\"p4\">Kapcsolattart\u00f3 e-mail:<\/p><p class=\"p4\">info@dentistforyou.hu<\/p><p class=\"p4\">Telefonsz\u00e1m:<\/p><p class=\"p4\">+36 30 533 6963<\/p><hr \/><h1><b>2. Az adatkezel\u00e9s c\u00e9lja<\/b><\/h1><p class=\"p4\">Az adatkezel\u00e9s c\u00e9lja:<\/p><ul><li><p class=\"p1\">online konzult\u00e1ci\u00f3s id\u0151pont foglal\u00e1sa<\/p><\/li><li><p class=\"p1\">kapcsolatfelv\u00e9tel a konzult\u00e1ci\u00f3 el\u0151tt<\/p><\/li><li><p class=\"p1\">a konzult\u00e1ci\u00f3 lebonyol\u00edt\u00e1sa<\/p><\/li><li><p class=\"p1\">id\u0151pont eml\u00e9keztet\u0151 k\u00fcld\u00e9se<\/p><\/li><\/ul><p class=\"p4\">Az adatok kiz\u00e1r\u00f3lag a konzult\u00e1ci\u00f3 megszervez\u00e9s\u00e9hez \u00e9s lebonyol\u00edt\u00e1s\u00e1hoz ker\u00fclnek felhaszn\u00e1l\u00e1sra.<\/p><hr \/><h1><b>3. A kezelt adatok k\u00f6re<\/b><\/h1><p class=\"p4\">Az id\u0151pontfoglal\u00e1s sor\u00e1n az al\u00e1bbi szem\u00e9lyes adatok ker\u00fclhetnek megad\u00e1sra:<\/p><ul><li><p class=\"p1\">n\u00e9v<\/p><\/li><li><p class=\"p1\">e-mail c\u00edm<\/p><\/li><li><p class=\"p1\">telefonsz\u00e1m<\/p><\/li><li><p class=\"p1\">a konzult\u00e1ci\u00f3 t\u00e9m\u00e1j\u00e1ra vonatkoz\u00f3 r\u00f6vid megjegyz\u00e9s (opcion\u00e1lis)<\/p><\/li><\/ul><hr \/><h1><b>4. Az adatkezel\u00e9s jogalapja<\/b><\/h1><p class=\"p4\">Az adatkezel\u00e9s jogalapja:<\/p><p class=\"p4\"><span class=\"s2\"><b>az \u00e9rintett \u00f6nk\u00e9ntes hozz\u00e1j\u00e1rul\u00e1sa<\/b><\/span>, amely az id\u0151pontfoglal\u00e1s elk\u00fcld\u00e9s\u00e9vel t\u00f6rt\u00e9nik.<\/p><p class=\"p4\">Jogszab\u00e1lyi h\u00e1tt\u00e9r:<\/p><ul><li><p class=\"p1\">Eur\u00f3pai Parlament \u00e9s Tan\u00e1cs (EU) 2016\/679 rendelete (GDPR)<\/p><\/li><li><ol start=\"2011\"><li><p class=\"p1\">\u00e9vi CXII. t\u00f6rv\u00e9ny az inform\u00e1ci\u00f3s \u00f6nrendelkez\u00e9si jogr\u00f3l<\/p><\/li><\/ol><\/li><\/ul><hr \/><h1><b>5. Az adatok t\u00e1rol\u00e1s\u00e1nak id\u0151tartama<\/b><\/h1><p class=\"p4\">A megadott adatokat az adatkezel\u0151 a konzult\u00e1ci\u00f3 lebonyol\u00edt\u00e1s\u00e1ig, illetve legfeljebb <span class=\"s2\"><b>12 h\u00f3napig<\/b><\/span> kezeli.<\/p><p class=\"p4\">Amennyiben a konzult\u00e1ci\u00f3t k\u00f6vet\u0151en tov\u00e1bbi kezel\u00e9s vagy kapcsolatfelv\u00e9tel t\u00f6rt\u00e9nik, az adatkezel\u00e9s a vonatkoz\u00f3 eg\u00e9szs\u00e9g\u00fcgyi \u00e9s jogszab\u00e1lyi el\u0151\u00edr\u00e1sok szerint t\u00f6rt\u00e9nik.<\/p><hr \/><h1><b>6. Adatfeldolgoz\u00f3k<\/b><\/h1><p class=\"p4\">Az id\u0151pontfoglal\u00e1s \u00e9s az online konzult\u00e1ci\u00f3 lebonyol\u00edt\u00e1sa sor\u00e1n az al\u00e1bbi szolg\u00e1ltat\u00f3k ker\u00fclhetnek bevon\u00e1sra:<\/p><h3><b>Google LLC<\/b><\/h3><p class=\"p4\">Felhaszn\u00e1lt szolg\u00e1ltat\u00e1sok:<\/p><ul><li><p class=\"p1\">Google Calendar (id\u0151pontfoglal\u00e1s)<\/p><\/li><li><p class=\"p1\">Google Meet (online konzult\u00e1ci\u00f3)<\/p><\/li><\/ul><p class=\"p4\">A Google adatkezel\u00e9s\u00e9r\u0151l b\u0151vebb inform\u00e1ci\u00f3:<\/p><p class=\"p4\">https:\/\/policies.google.com\/privacy<\/p><p class=\"p4\">A szolg\u00e1ltat\u00f3 az adatokat az Eur\u00f3pai Uni\u00f3 adatv\u00e9delmi szab\u00e1lyainak megfelel\u0151en kezeli.<\/p><hr \/><h1><b>7. Az \u00e9rintettek jogai<\/b><\/h1><p class=\"p4\">Az \u00e9rintett jogosult:<\/p><ul><li><p class=\"p1\">t\u00e1j\u00e9koztat\u00e1st k\u00e9rni a szem\u00e9lyes adatai kezel\u00e9s\u00e9r\u0151l<\/p><\/li><li><p class=\"p1\">k\u00e9rni az adatok helyesb\u00edt\u00e9s\u00e9t<\/p><\/li><li><p class=\"p1\">k\u00e9rni az adatok t\u00f6rl\u00e9s\u00e9t<\/p><\/li><li><p class=\"p1\">k\u00e9rni az adatkezel\u00e9s korl\u00e1toz\u00e1s\u00e1t<\/p><\/li><li><p class=\"p1\">tiltakozni az adatkezel\u00e9s ellen<\/p><\/li><\/ul><p class=\"p4\">Az \u00e9rintett k\u00e9relm\u00e9t az al\u00e1bbi e-mail c\u00edmen terjesztheti el\u0151:<\/p><p class=\"p4\">info@dentistforyou.hu<\/p><hr \/><h1><b>8. Panasz beny\u00fajt\u00e1sa<\/b><\/h1><p class=\"p4\">Az \u00e9rintett panasszal \u00e9lhet a fel\u00fcgyeleti hat\u00f3s\u00e1gn\u00e1l:<\/p><p class=\"p3\"><b>Nemzeti Adatv\u00e9delmi \u00e9s Inform\u00e1ci\u00f3szabads\u00e1g Hat\u00f3s\u00e1g<\/b><b><\/b><\/p><p class=\"p4\">C\u00edm:<\/p><p class=\"p4\">1055 Budapest, Falk Miksa utca 9\u201311.<\/p><p class=\"p4\">Weboldal:<\/p><p class=\"p4\">https:\/\/naih.hu<\/p><hr \/><h1><b>9. Adatbiztons\u00e1g<\/b><\/h1><p class=\"p4\">Az adatkezel\u0151 minden sz\u00fcks\u00e9ges technikai \u00e9s szervez\u00e9si int\u00e9zked\u00e9st megtesz annak \u00e9rdek\u00e9ben, hogy a szem\u00e9lyes adatok v\u00e9delme biztos\u00edtott legyen.<\/p>\t\t\t\t\t\t\t\t<\/div>\n\t\t\t\t<\/div>\n\t\t\t\t<div class=\"elementor-element elementor-element-4b821273 elementor-widget elementor-widget-text-editor\" data-id=\"4b821273\" data-element_type=\"widget\" data-widget_type=\"text-editor.default\">\n\t\t\t\t<div class=\"elementor-widget-container\">\n\t\t\t\t\t\t\t\t\t<p>Budapest, 2026.03.14.<\/p>\t\t\t\t\t\t\t\t<\/div>\n\t\t\t\t<\/div>\n\t\t\t\t\t<\/div>\n\t\t\t\t<\/div>\n\t\t\t\t<\/div>","protected":false},"excerpt":{"rendered":"<p>Adatkezel\u00e9si t\u00e1j\u00e9koztat\u00f3 \u00a0Online konzult\u00e1ci\u00f3 id\u0151pontfoglal\u00e1shoz 1. Az adatkezel\u0151 adatai Adatkezel\u0151: Dentist For You Kft. Teljes n\u00e9v: Dentist For You Korl\u00e1tolt Felel\u0151ss\u00e9g\u0171 T\u00e1rsas\u00e1g Sz\u00e9khely: 1094 Budapest, M\u00e1rton utca 14. A. lh\u00e1z. 4. em. 8. Ad\u00f3sz\u00e1m: 28763363-1-43 F\u0151 tev\u00e9kenys\u00e9g: 8623 Fogorvosi ell\u00e1t\u00e1s Kapcsolattart\u00f3 e-mail: info@dentistforyou.hu Telefonsz\u00e1m: +36 30 533 6963 2. Az adatkezel\u00e9s c\u00e9lja Az adatkezel\u00e9s c\u00e9lja: [&hellip;]<\/p>","protected":false},"author":1,"featured_media":0,"parent":0,"menu_order":0,"comment_status":"closed","ping_status":"closed","template":"","meta":{"footnotes":""},"class_list":["post-1428","page","type-page","status-publish","hentry"],"yoast_head":"<!-- This site is optimized with the Yoast SEO plugin v27.1.1 - https:\/\/yoast.com\/product\/yoast-seo-wordpress\/ -->\n<title>Adatkezel\u00e9si T\u00e1j\u00e9koztat\u00f3 - Dr. Somogyi Andrea<\/title>\n<meta name=\"robots\" content=\"index, follow, max-snippet:-1, max-image-preview:large, max-video-preview:-1\" \/>\n<link rel=\"canonical\" href=\"https:\/\/www.drsomogyiandrea.hu\/en\/adatkezelesi-tajekoztato\/\" \/>\n<meta property=\"og:locale\" content=\"en_GB\" \/>\n<meta property=\"og:type\" content=\"article\" \/>\n<meta property=\"og:title\" content=\"Adatkezel\u00e9si T\u00e1j\u00e9koztat\u00f3 - Dr. Somogyi Andrea\" \/>\n<meta property=\"og:description\" content=\"Adatkezel\u00e9si t\u00e1j\u00e9koztat\u00f3 \u00a0Online konzult\u00e1ci\u00f3 id\u0151pontfoglal\u00e1shoz 1. Az adatkezel\u0151 adatai Adatkezel\u0151: Dentist For You Kft. Teljes n\u00e9v: Dentist For You Korl\u00e1tolt Felel\u0151ss\u00e9g\u0171 T\u00e1rsas\u00e1g Sz\u00e9khely: 1094 Budapest, M\u00e1rton utca 14. A. lh\u00e1z. 4. em. 8. Ad\u00f3sz\u00e1m: 28763363-1-43 F\u0151 tev\u00e9kenys\u00e9g: 8623 Fogorvosi ell\u00e1t\u00e1s Kapcsolattart\u00f3 e-mail: info@dentistforyou.hu Telefonsz\u00e1m: +36 30 533 6963 2. Az adatkezel\u00e9s c\u00e9lja Az adatkezel\u00e9s c\u00e9lja: [&hellip;]\" \/>\n<meta property=\"og:url\" content=\"https:\/\/www.drsomogyiandrea.hu\/en\/adatkezelesi-tajekoztato\/\" \/>\n<meta property=\"og:site_name\" content=\"Dr. Somogyi Andrea\" \/>\n<meta property=\"article:modified_time\" content=\"2026-03-14T21:16:50+00:00\" \/>\n<meta name=\"twitter:card\" content=\"summary_large_image\" \/>\n<meta name=\"twitter:label1\" content=\"Estimated reading time\" \/>\n\t<meta name=\"twitter:data1\" content=\"2 minutes\" \/>\n<script type=\"application\/ld+json\" class=\"yoast-schema-graph\">{\"@context\":\"https:\/\/schema.org\",\"@graph\":[{\"@type\":\"WebPage\",\"@id\":\"https:\/\/www.drsomogyiandrea.hu\/adatkezelesi-tajekoztato\/\",\"url\":\"https:\/\/www.drsomogyiandrea.hu\/adatkezelesi-tajekoztato\/\",\"name\":\"Adatkezel\u00e9si T\u00e1j\u00e9koztat\u00f3 - Dr. Somogyi Andrea\",\"isPartOf\":{\"@id\":\"https:\/\/www.drsomogyiandrea.hu\/#website\"},\"datePublished\":\"2026-03-09T18:02:13+00:00\",\"dateModified\":\"2026-03-14T21:16:50+00:00\",\"breadcrumb\":{\"@id\":\"https:\/\/www.drsomogyiandrea.hu\/adatkezelesi-tajekoztato\/#breadcrumb\"},\"inLanguage\":\"en-GB\",\"potentialAction\":[{\"@type\":\"ReadAction\",\"target\":[\"https:\/\/www.drsomogyiandrea.hu\/adatkezelesi-tajekoztato\/\"]}]},{\"@type\":\"BreadcrumbList\",\"@id\":\"https:\/\/www.drsomogyiandrea.hu\/adatkezelesi-tajekoztato\/#breadcrumb\",\"itemListElement\":[{\"@type\":\"ListItem\",\"position\":1,\"name\":\"Kezd\u0151lap\",\"item\":\"https:\/\/www.drsomogyiandrea.hu\/\"},{\"@type\":\"ListItem\",\"position\":2,\"name\":\"Adatkezel\u00e9si T\u00e1j\u00e9koztat\u00f3\"}]},{\"@type\":\"WebSite\",\"@id\":\"https:\/\/www.drsomogyiandrea.hu\/#website\",\"url\":\"https:\/\/www.drsomogyiandrea.hu\/\",\"name\":\"Dr. Somogyi Andrea\",\"description\":\"Fogp\u00f3tl\u00e1s szakorvosa\",\"publisher\":{\"@id\":\"https:\/\/www.drsomogyiandrea.hu\/#\/schema\/person\/c566b389b705a7c6410b46eb122b4591\"},\"potentialAction\":[{\"@type\":\"SearchAction\",\"target\":{\"@type\":\"EntryPoint\",\"urlTemplate\":\"https:\/\/www.drsomogyiandrea.hu\/?s={search_term_string}\"},\"query-input\":{\"@type\":\"PropertyValueSpecification\",\"valueRequired\":true,\"valueName\":\"search_term_string\"}}],\"inLanguage\":\"en-GB\"},{\"@type\":[\"Person\",\"Organization\"],\"@id\":\"https:\/\/www.drsomogyiandrea.hu\/#\/schema\/person\/c566b389b705a7c6410b46eb122b4591\",\"name\":\"Dr. Somogyi Andrea\",\"image\":{\"@type\":\"ImageObject\",\"inLanguage\":\"en-GB\",\"@id\":\"https:\/\/www.drsomogyiandrea.hu\/#\/schema\/person\/image\/\",\"url\":\"https:\/\/www.drsomogyiandrea.hu\/wp-content\/uploads\/2024\/02\/Dr-Somogyi-Andrea-Logo2.png\",\"contentUrl\":\"https:\/\/www.drsomogyiandrea.hu\/wp-content\/uploads\/2024\/02\/Dr-Somogyi-Andrea-Logo2.png\",\"width\":350,\"height\":100,\"caption\":\"Dr. Somogyi Andrea\"},\"logo\":{\"@id\":\"https:\/\/www.drsomogyiandrea.hu\/#\/schema\/person\/image\/\"},\"sameAs\":[\"https:\/\/www.drsomogyiandrea.hu\"]}]}<\/script>\n<!-- \/ Yoast SEO plugin. -->","yoast_head_json":{"title":"Adatkezel\u00e9si T\u00e1j\u00e9koztat\u00f3 - Dr. Somogyi Andrea","robots":{"index":"index","follow":"follow","max-snippet":"max-snippet:-1","max-image-preview":"max-image-preview:large","max-video-preview":"max-video-preview:-1"},"canonical":"https:\/\/www.drsomogyiandrea.hu\/en\/adatkezelesi-tajekoztato\/","og_locale":"en_GB","og_type":"article","og_title":"Adatkezel\u00e9si T\u00e1j\u00e9koztat\u00f3 - Dr. Somogyi Andrea","og_description":"Adatkezel\u00e9si t\u00e1j\u00e9koztat\u00f3 \u00a0Online konzult\u00e1ci\u00f3 id\u0151pontfoglal\u00e1shoz 1. Az adatkezel\u0151 adatai Adatkezel\u0151: Dentist For You Kft. Teljes n\u00e9v: Dentist For You Korl\u00e1tolt Felel\u0151ss\u00e9g\u0171 T\u00e1rsas\u00e1g Sz\u00e9khely: 1094 Budapest, M\u00e1rton utca 14. A. lh\u00e1z. 4. em. 8. Ad\u00f3sz\u00e1m: 28763363-1-43 F\u0151 tev\u00e9kenys\u00e9g: 8623 Fogorvosi ell\u00e1t\u00e1s Kapcsolattart\u00f3 e-mail: info@dentistforyou.hu Telefonsz\u00e1m: +36 30 533 6963 2. Az adatkezel\u00e9s c\u00e9lja Az adatkezel\u00e9s c\u00e9lja: [&hellip;]","og_url":"https:\/\/www.drsomogyiandrea.hu\/en\/adatkezelesi-tajekoztato\/","og_site_name":"Dr. Somogyi Andrea","article_modified_time":"2026-03-14T21:16:50+00:00","twitter_card":"summary_large_image","twitter_misc":{"Estimated reading time":"2 minutes"},"schema":{"@context":"https:\/\/schema.org","@graph":[{"@type":"WebPage","@id":"https:\/\/www.drsomogyiandrea.hu\/adatkezelesi-tajekoztato\/","url":"https:\/\/www.drsomogyiandrea.hu\/adatkezelesi-tajekoztato\/","name":"Adatkezel\u00e9si T\u00e1j\u00e9koztat\u00f3 - Dr. Somogyi Andrea","isPartOf":{"@id":"https:\/\/www.drsomogyiandrea.hu\/#website"},"datePublished":"2026-03-09T18:02:13+00:00","dateModified":"2026-03-14T21:16:50+00:00","breadcrumb":{"@id":"https:\/\/www.drsomogyiandrea.hu\/adatkezelesi-tajekoztato\/#breadcrumb"},"inLanguage":"en-GB","potentialAction":[{"@type":"ReadAction","target":["https:\/\/www.drsomogyiandrea.hu\/adatkezelesi-tajekoztato\/"]}]},{"@type":"BreadcrumbList","@id":"https:\/\/www.drsomogyiandrea.hu\/adatkezelesi-tajekoztato\/#breadcrumb","itemListElement":[{"@type":"ListItem","position":1,"name":"Kezd\u0151lap","item":"https:\/\/www.drsomogyiandrea.hu\/"},{"@type":"ListItem","position":2,"name":"Adatkezel\u00e9si T\u00e1j\u00e9koztat\u00f3"}]},{"@type":"WebSite","@id":"https:\/\/www.drsomogyiandrea.hu\/#website","url":"https:\/\/www.drsomogyiandrea.hu\/","name":"Dr. Somogyi Andrea","description":"Fogp\u00f3tl\u00e1s szakorvosa","publisher":{"@id":"https:\/\/www.drsomogyiandrea.hu\/#\/schema\/person\/c566b389b705a7c6410b46eb122b4591"},"potentialAction":[{"@type":"SearchAction","target":{"@type":"EntryPoint","urlTemplate":"https:\/\/www.drsomogyiandrea.hu\/?s={search_term_string}"},"query-input":{"@type":"PropertyValueSpecification","valueRequired":true,"valueName":"search_term_string"}}],"inLanguage":"en-GB"},{"@type":["Person","Organization"],"@id":"https:\/\/www.drsomogyiandrea.hu\/#\/schema\/person\/c566b389b705a7c6410b46eb122b4591","name":"Dr. Somogyi Andrea","image":{"@type":"ImageObject","inLanguage":"en-GB","@id":"https:\/\/www.drsomogyiandrea.hu\/#\/schema\/person\/image\/","url":"https:\/\/www.drsomogyiandrea.hu\/wp-content\/uploads\/2024\/02\/Dr-Somogyi-Andrea-Logo2.png","contentUrl":"https:\/\/www.drsomogyiandrea.hu\/wp-content\/uploads\/2024\/02\/Dr-Somogyi-Andrea-Logo2.png","width":350,"height":100,"caption":"Dr. Somogyi Andrea"},"logo":{"@id":"https:\/\/www.drsomogyiandrea.hu\/#\/schema\/person\/image\/"},"sameAs":["https:\/\/www.drsomogyiandrea.hu"]}]}},"_links":{"self":[{"href":"https:\/\/www.drsomogyiandrea.hu\/en\/wp-json\/wp\/v2\/pages\/1428","targetHints":{"allow":["GET"]}}],"collection":[{"href":"https:\/\/www.drsomogyiandrea.hu\/en\/wp-json\/wp\/v2\/pages"}],"about":[{"href":"https:\/\/www.drsomogyiandrea.hu\/en\/wp-json\/wp\/v2\/types\/page"}],"author":[{"embeddable":true,"href":"https:\/\/www.drsomogyiandrea.hu\/en\/wp-json\/wp\/v2\/users\/1"}],"replies":[{"embeddable":true,"href":"https:\/\/www.drsomogyiandrea.hu\/en\/wp-json\/wp\/v2\/comments?post=1428"}],"version-history":[{"count":13,"href":"https:\/\/www.drsomogyiandrea.hu\/en\/wp-json\/wp\/v2\/pages\/1428\/revisions"}],"predecessor-version":[{"id":2007,"href":"https:\/\/www.drsomogyiandrea.hu\/en\/wp-json\/wp\/v2\/pages\/1428\/revisions\/2007"}],"wp:attachment":[{"href":"https:\/\/www.drsomogyiandrea.hu\/en\/wp-json\/wp\/v2\/media?parent=1428"}],"curies":[{"name":"wp","href":"https:\/\/api.w.org\/{rel}","templated":true}]}}